{"id":10,"date":"2023-01-04T08:05:27","date_gmt":"2023-01-04T08:05:27","guid":{"rendered":"http:\/\/www.ekonte.com.tr\/?page_id=10"},"modified":"2023-01-24T12:08:22","modified_gmt":"2023-01-24T12:08:22","slug":"bize-ulasin","status":"publish","type":"page","link":"http:\/\/www.ekonte.com.tr\/index.php\/bize-ulasin\/","title":{"rendered":"Bize ula\u015f\u0131n"},"content":{"rendered":"\n<h4>\u0130LET\u0130\u015e\u0130M<\/h4>\n\n\n\n<p><strong>ADRES:<\/strong> Turgut Reis, Fatih Blv. No:2 D:1, 34930 Sultanbeyli\/\u0130stanbul<br><strong>MAIL:<\/strong> info@fekonte.com.tr<br><strong>TELEFON:<\/strong> 05455010416 &#8211; 0850 244 0567<\/p>\n","protected":false},"excerpt":{"rendered":"<p>\u0130LET\u0130\u015e\u0130M ADRES: Turgut Reis, Fatih Blv. No:2 D:1, 34930 Sultanbeyli\/\u0130stanbulMAIL: info@fekonte.com.trTELEFON: 05455010416 &#8211; 0850 244 0567<\/p>\n","protected":false},"author":1,"featured_media":0,"parent":0,"menu_order":0,"comment_status":"closed","ping_status":"closed","template":"","meta":[],"_links":{"self":[{"href":"http:\/\/www.ekonte.com.tr\/index.php\/wp-json\/wp\/v2\/pages\/10"}],"collection":[{"href":"http:\/\/www.ekonte.com.tr\/index.php\/wp-json\/wp\/v2\/pages"}],"about":[{"href":"http:\/\/www.ekonte.com.tr\/index.php\/wp-json\/wp\/v2\/types\/page"}],"author":[{"embeddable":true,"href":"http:\/\/www.ekonte.com.tr\/index.php\/wp-json\/wp\/v2\/users\/1"}],"replies":[{"embeddable":true,"href":"http:\/\/www.ekonte.com.tr\/index.php\/wp-json\/wp\/v2\/comments?post=10"}],"version-history":[{"count":3,"href":"http:\/\/www.ekonte.com.tr\/index.php\/wp-json\/wp\/v2\/pages\/10\/revisions"}],"predecessor-version":[{"id":382,"href":"http:\/\/www.ekonte.com.tr\/index.php\/wp-json\/wp\/v2\/pages\/10\/revisions\/382"}],"wp:attachment":[{"href":"http:\/\/www.ekonte.com.tr\/index.php\/wp-json\/wp\/v2\/media?parent=10"}],"curies":[{"name":"wp","href":"https:\/\/api.w.org\/{rel}","templated":true}]}}