{"id":320,"date":"2022-09-29T09:42:51","date_gmt":"2022-09-29T09:42:51","guid":{"rendered":"https:\/\/awplife.com\/demo\/formula\/?page_id=320"},"modified":"2023-02-15T13:12:56","modified_gmt":"2023-02-15T13:12:56","slug":"creative","status":"publish","type":"page","link":"http:\/\/www.ekonte.com.tr\/index.php\/creative\/","title":{"rendered":"Neredeyiz"},"content":{"rendered":"\n<div class=\"wp-block-media-text alignwide is-stacked-on-mobile\"><figure class=\"wp-block-media-text__media\"><img decoding=\"async\" width=\"905\" height=\"740\" src=\"http:\/\/www.ekonte.com.tr\/wp-content\/uploads\/2023\/02\/process-img-e1663579420259-kopya-3.png\" alt=\"\" class=\"wp-image-477 size-full\" srcset=\"http:\/\/www.ekonte.com.tr\/wp-content\/uploads\/2023\/02\/process-img-e1663579420259-kopya-3.png 905w, http:\/\/www.ekonte.com.tr\/wp-content\/uploads\/2023\/02\/process-img-e1663579420259-kopya-3-300x245.png 300w, http:\/\/www.ekonte.com.tr\/wp-content\/uploads\/2023\/02\/process-img-e1663579420259-kopya-3-768x628.png 768w\" sizes=\"(max-width: 905px) 100vw, 905px\" \/><\/figure><div class=\"wp-block-media-text__content\">\n<h1 class=\"has-text-align-center\"><\/h1>\n\n\n\n<p class=\"has-text-align-left\"><strong><em>EKONT B\u0130LG\u0130SAYAR REKLAM \u0130N\u015e. GIDA                         DI\u015e T\u0130CARET SAN. VE T\u0130C. LTD. \u015eT\u0130.<\/em><\/strong><\/p>\n\n\n\n<p class=\"has-text-align-left\"><strong>ADRES:<\/strong>\u00a0Turgut Reis, Fatih Blv. No:2 D:1, 34930 Sultanbeyli\/\u0130stanbul<br><strong>MAIL:<\/strong>\u00a0info@fekonte.com.tr<br><strong>TELEFON:<\/strong>\u00a00850 244 0567 &#8211; 0545 501 0416<\/p>\n<\/div><\/div>\n","protected":false},"excerpt":{"rendered":"<p>EKONT B\u0130LG\u0130SAYAR REKLAM \u0130N\u015e. GIDA DI\u015e T\u0130CARET SAN. VE T\u0130C. LTD. \u015eT\u0130. ADRES:\u00a0Turgut Reis, Fatih Blv. No:2 D:1, 34930 Sultanbeyli\/\u0130stanbulMAIL:\u00a0info@fekonte.com.trTELEFON:\u00a00850 244 0567 &#8211; 0545 501 0416<\/p>\n","protected":false},"author":1,"featured_media":0,"parent":0,"menu_order":0,"comment_status":"closed","ping_status":"closed","template":"page-templates\/fullwidth-page.php","meta":[],"_links":{"self":[{"href":"http:\/\/www.ekonte.com.tr\/index.php\/wp-json\/wp\/v2\/pages\/320"}],"collection":[{"href":"http:\/\/www.ekonte.com.tr\/index.php\/wp-json\/wp\/v2\/pages"}],"about":[{"href":"http:\/\/www.ekonte.com.tr\/index.php\/wp-json\/wp\/v2\/types\/page"}],"author":[{"embeddable":true,"href":"http:\/\/www.ekonte.com.tr\/index.php\/wp-json\/wp\/v2\/users\/1"}],"replies":[{"embeddable":true,"href":"http:\/\/www.ekonte.com.tr\/index.php\/wp-json\/wp\/v2\/comments?post=320"}],"version-history":[{"count":13,"href":"http:\/\/www.ekonte.com.tr\/index.php\/wp-json\/wp\/v2\/pages\/320\/revisions"}],"predecessor-version":[{"id":488,"href":"http:\/\/www.ekonte.com.tr\/index.php\/wp-json\/wp\/v2\/pages\/320\/revisions\/488"}],"wp:attachment":[{"href":"http:\/\/www.ekonte.com.tr\/index.php\/wp-json\/wp\/v2\/media?parent=320"}],"curies":[{"name":"wp","href":"https:\/\/api.w.org\/{rel}","templated":true}]}}