{"id":9,"date":"2023-01-04T08:05:27","date_gmt":"2023-01-04T08:05:27","guid":{"rendered":"http:\/\/www.ekonte.com.tr\/?page_id=9"},"modified":"2023-02-15T13:11:04","modified_gmt":"2023-02-15T13:11:04","slug":"hakkimizda","status":"publish","type":"page","link":"http:\/\/www.ekonte.com.tr\/index.php\/hakkimizda\/","title":{"rendered":"Ekonte Gezegeni"},"content":{"rendered":"\n<div class=\"is-layout-flex wp-container-3 wp-block-columns\">\n<div class=\"is-layout-flow wp-block-column\">\n<figure class=\"wp-block-image alignwide size-full is-style-default\"><img decoding=\"async\" width=\"905\" height=\"740\" src=\"http:\/\/www.ekonte.com.tr\/wp-content\/uploads\/2023\/02\/process-img-e1663579420259-kopya-2.png\" alt=\"\" class=\"wp-image-467\" srcset=\"http:\/\/www.ekonte.com.tr\/wp-content\/uploads\/2023\/02\/process-img-e1663579420259-kopya-2.png 905w, http:\/\/www.ekonte.com.tr\/wp-content\/uploads\/2023\/02\/process-img-e1663579420259-kopya-2-300x245.png 300w, http:\/\/www.ekonte.com.tr\/wp-content\/uploads\/2023\/02\/process-img-e1663579420259-kopya-2-768x628.png 768w\" sizes=\"(max-width: 905px) 100vw, 905px\" \/><\/figure>\n<\/div>\n\n\n\n<div class=\"is-layout-flow wp-block-column is-vertically-aligned-center\">\n<p class=\"has-black-color has-text-color\">2006 y\u0131l\u0131nda bili\u015fim ve reklamc\u0131l\u0131k sekt\u00f6r\u00fcne Ekont Bilgisayar \u00fcnvan\u0131 ile ad\u0131m atan \u015firketimizin \u201cekonte Creative\u201d markas\u0131, yaz\u0131l\u0131m ve reklamc\u0131l\u0131k alanlar\u0131nda gerek yerel gerekse ulusal bir \u00e7ok projeye imza atm\u0131\u015ft\u0131r.<\/p>\n\n\n\n<p class=\"has-black-color has-text-color\">Kurumsal kimlik tasar\u0131m\u0131, i\u00e7 ve d\u0131\u015f mekan g\u00f6rsel tasar\u0131mlar\u0131 ve uygulamalar\u0131, reklam dan\u0131\u015fmanl\u0131\u011f\u0131, web yaz\u0131l\u0131m ve tasar\u0131m\u0131, \u00f6zel proje yaz\u0131l\u0131mlar\u0131, ki\u015fiye ve kuruma \u00f6zel promosyon \u00e7al\u0131\u015fmalar\u0131 yapan Ekonte Creative, bini a\u015fk\u0131n kurumsal m\u00fc\u015fterisine uzun soluklu \u00e7\u00f6z\u00fcm ortakl\u0131\u011f\u0131 yapm\u0131\u015f, Sultanbeyli, Gaziosmanpa\u015fa, Sultangazi, Arnavutk\u00f6y ve Malkara Belediyeleri ba\u015fta olmak \u00fczere bir \u00e7ok kurumun reklam ve yaz\u0131l\u0131m ajans\u0131 olmu\u015ftur.<\/p>\n<\/div>\n<\/div>\n","protected":false},"excerpt":{"rendered":"<p>2006 y\u0131l\u0131nda bili\u015fim ve reklamc\u0131l\u0131k sekt\u00f6r\u00fcne Ekont Bilgisayar \u00fcnvan\u0131 ile ad\u0131m atan \u015firketimizin \u201cekonte Creative\u201d markas\u0131, yaz\u0131l\u0131m ve reklamc\u0131l\u0131k alanlar\u0131nda gerek yerel gerekse ulusal bir \u00e7ok projeye imza atm\u0131\u015ft\u0131r. Kurumsal kimlik tasar\u0131m\u0131, i\u00e7 ve d\u0131\u015f<\/p>\n<p><a href=\"http:\/\/www.ekonte.com.tr\/index.php\/hakkimizda\/\" class=\"more-link\">Continue reading<span class=\"screen-reader-text\">Ekonte Gezegeni<\/span><\/a><\/p>\n","protected":false},"author":1,"featured_media":0,"parent":0,"menu_order":0,"comment_status":"closed","ping_status":"closed","template":"","meta":[],"_links":{"self":[{"href":"http:\/\/www.ekonte.com.tr\/index.php\/wp-json\/wp\/v2\/pages\/9"}],"collection":[{"href":"http:\/\/www.ekonte.com.tr\/index.php\/wp-json\/wp\/v2\/pages"}],"about":[{"href":"http:\/\/www.ekonte.com.tr\/index.php\/wp-json\/wp\/v2\/types\/page"}],"author":[{"embeddable":true,"href":"http:\/\/www.ekonte.com.tr\/index.php\/wp-json\/wp\/v2\/users\/1"}],"replies":[{"embeddable":true,"href":"http:\/\/www.ekonte.com.tr\/index.php\/wp-json\/wp\/v2\/comments?post=9"}],"version-history":[{"count":19,"href":"http:\/\/www.ekonte.com.tr\/index.php\/wp-json\/wp\/v2\/pages\/9\/revisions"}],"predecessor-version":[{"id":458,"href":"http:\/\/www.ekonte.com.tr\/index.php\/wp-json\/wp\/v2\/pages\/9\/revisions\/458"}],"wp:attachment":[{"href":"http:\/\/www.ekonte.com.tr\/index.php\/wp-json\/wp\/v2\/media?parent=9"}],"curies":[{"name":"wp","href":"https:\/\/api.w.org\/{rel}","templated":true}]}}